{"id":335,"date":"2025-05-26T23:12:17","date_gmt":"2025-05-26T21:12:17","guid":{"rendered":"https:\/\/www.chomelgintz.com\/?page_id=335"},"modified":"2025-05-28T18:29:18","modified_gmt":"2025-05-28T16:29:18","slug":"mentions-legales","status":"publish","type":"page","link":"https:\/\/www.chomelgintz.com\/index.php\/mentions-legales\/","title":{"rendered":"Mentions l\u00e9gales"},"content":{"rendered":"\n\n\n<h3 class=\"wp-block-heading has-kubio-color-1-color has-text-color has-link-color has-large-font-size wp-elements-31047e97ebe9b399d95d1f700ce8233a\">\u00c9diteur du site<\/h3>\n\n\n\n<p><strong>Cabinet Chomel &amp; Gintz<\/strong><br>SELARL d\u2019avocats au Barreau de Paris<br>Adresse : <strong>68 rue de Miromesnil, 75008 Paris \u2013 France<\/strong><br>T\u00e9l\u00e9phone : <strong>06 69 50 16 45<\/strong><br>E-mail : <strong><a>sibylle.chomel@chomelgintz.fr<\/a><\/strong><br>SIREN : <strong>943 671 776<\/strong><br>Responsables de la publication : Ma\u00eetres Chomel et Gintz<br>Date de cr\u00e9ation du site : <strong>15 avril 2025<\/strong><br><\/p>\n\n\n\n<p><\/p>\n\n\n\n<h3 class=\"wp-block-heading has-large-font-size\">Cabinet<strong> <\/strong>d\u2019avocats<\/h3>\n\n\n\n<p>Le Cabinet Chomel &amp; Gintz est une soci\u00e9t\u00e9 d&rsquo;exercice lib\u00e9ral \u00e0 responsabilit\u00e9 limit\u00e9e (SELAS), inscrite au Tableau de l\u2019Ordre des Avocats du Barreau de Paris.<br>Les avocats du cabinet exercent leur activit\u00e9 dans le respect du R\u00e8glement Int\u00e9rieur National (RIN) de la profession d\u2019avocat, disponible sur le site du Conseil National des Barreaux : <a>https:\/\/www.cnb.avocat.fr<\/a><br><\/p>\n\n\n\n<p><\/p>\n\n\n\n<h3 class=\"wp-block-heading has-large-font-size\">H\u00e9bergement du site<\/h3>\n\n\n\n<p><strong>OVH<\/strong><br>SAS au capital de 10 069 020 \u20ac<br>Si\u00e8ge social : 2 rue Kellermann \u2013 59100 Roubaix \u2013 France<br>RCS Lille M\u00e9tropole 424 761 419 00045<br>Site web : <a class=\"\" href=\"https:\/\/www.ovhcloud.com\">https:\/\/www.ovhcloud.com<\/a><\/p>\n\n\n\n<p><\/p>\n\n\n\n<h3 class=\"wp-block-heading has-large-font-size\">Propri\u00e9t\u00e9 intellectuelle<\/h3>\n\n\n\n<p>Tous les contenus de ce site (textes, images, logos, \u00e9l\u00e9ments graphiques, structure) sont prot\u00e9g\u00e9s par les lois en vigueur sur la propri\u00e9t\u00e9 intellectuelle et sont la propri\u00e9t\u00e9 exclusive du Cabinet Chomel &amp; Gintz, sauf mention contraire.<br>Toute reproduction, repr\u00e9sentation ou diffusion, totale ou partielle, sans autorisation expresse et \u00e9crite, est interdite.<br><\/p>\n\n\n\n<p><\/p>\n\n\n\n<h3 class=\"wp-block-heading has-large-font-size\">Protection des donn\u00e9es personnelles<\/h3>\n\n\n\n<p>Les donn\u00e9es personnelles recueillies via ce site sont strictement destin\u00e9es au traitement des demandes adress\u00e9es au Cabinet Chomel &amp; Gintz.<br>Conform\u00e9ment au R\u00e8glement G\u00e9n\u00e9ral sur la Protection des Donn\u00e9es (RGPD), vous disposez de droits d\u2019acc\u00e8s, de rectification, d\u2019effacement, d\u2019opposition, de limitation et de portabilit\u00e9.<br>Pour exercer ces droits, vous pouvez contacter : <a href=\"mailto:sibylle.chomel@chomelgintz.com\"><strong>sibylle.chomel@chomelgintz.com<\/strong><\/a><br><\/p>\n\n\n\n<p><\/p>\n\n\n\n<h3 class=\"wp-block-heading has-kubio-color-1-color has-text-color has-link-color has-large-font-size wp-elements-74594b65a4cf4ac11e1a2d8c085cb6f1\">Cookies<\/h3>\n\n\n\n<p>Ce site peut utiliser des cookies pour am\u00e9liorer la navigation et mesurer l\u2019audience. Vous pouvez configurer votre navigateur pour refuser ou g\u00e9rer les cookies.<br>Pour plus d\u2019informations, veuillez consulter notre politique de confidentialit\u00e9.<br><\/p>\n","protected":false},"excerpt":{"rendered":"<p>\u00c9diteur du site Cabinet Chomel &amp; GintzSELARL d\u2019avocats au Barreau de ParisAdresse : 68 rue de Miromesnil, 75008 Paris \u2013 FranceT\u00e9l\u00e9phone : 06 69 50 16 45E-mail : sibylle.chomel@chomelgintz.frSIREN : 943 671 776Responsables de la publication : Ma\u00eetres Chomel et GintzDate de cr\u00e9ation du site : 15 avril 2025 Cabinet d\u2019avocats Le Cabinet Chomel &amp; [&hellip;]<\/p>\n","protected":false},"author":1,"featured_media":0,"parent":0,"menu_order":0,"comment_status":"closed","ping_status":"closed","template":"","meta":{"saved_in_kubio":true,"footnotes":""},"class_list":["post-335","page","type-page","status-publish","hentry"],"kubio_ai_page_context":{"short_desc":"","purpose":"general"},"_links":{"self":[{"href":"https:\/\/www.chomelgintz.com\/index.php\/wp-json\/wp\/v2\/pages\/335","targetHints":{"allow":["GET"]}}],"collection":[{"href":"https:\/\/www.chomelgintz.com\/index.php\/wp-json\/wp\/v2\/pages"}],"about":[{"href":"https:\/\/www.chomelgintz.com\/index.php\/wp-json\/wp\/v2\/types\/page"}],"author":[{"embeddable":true,"href":"https:\/\/www.chomelgintz.com\/index.php\/wp-json\/wp\/v2\/users\/1"}],"replies":[{"embeddable":true,"href":"https:\/\/www.chomelgintz.com\/index.php\/wp-json\/wp\/v2\/comments?post=335"}],"version-history":[{"count":8,"href":"https:\/\/www.chomelgintz.com\/index.php\/wp-json\/wp\/v2\/pages\/335\/revisions"}],"predecessor-version":[{"id":518,"href":"https:\/\/www.chomelgintz.com\/index.php\/wp-json\/wp\/v2\/pages\/335\/revisions\/518"}],"wp:attachment":[{"href":"https:\/\/www.chomelgintz.com\/index.php\/wp-json\/wp\/v2\/media?parent=335"}],"curies":[{"name":"wp","href":"https:\/\/api.w.org\/{rel}","templated":true}]}}